{"id":8862,"date":"2024-03-18T01:32:44","date_gmt":"2024-03-17T22:32:44","guid":{"rendered":"https:\/\/gurbuzsihhitesisat.com\/?page_id=8862"},"modified":"2025-02-18T15:45:11","modified_gmt":"2025-02-18T12:45:11","slug":"hakkimizda","status":"publish","type":"page","link":"https:\/\/gurbuzsihhitesisat.com\/buca\/hakkimizda","title":{"rendered":"Hakk\u0131m\u0131zda"},"content":{"rendered":"<div class=\"wpb-content-wrapper\"><p>[vc_row gap=&#8221;35&#8243; equal_height=&#8221;yes&#8221; content_placement=&#8221;top&#8221; css=&#8221;.vc_custom_1538568615552{margin-bottom: 4vh !important;}&#8221; woodmart_parallax=&#8221;0&#8243; woodmart_gradient_switch=&#8221;no&#8221; row_reverse_mobile=&#8221;0&#8243; row_reverse_tablet=&#8221;0&#8243; woodmart_disable_overflow=&#8221;0&#8243;][vc_column woodmart_parallax=&#8221;0&#8243; parallax_scroll=&#8221;no&#8221; woodmart_sticky_column=&#8221;false&#8221; css=&#8221;.vc_custom_1538568458450{margin-bottom: 4vh !important;padding-top: 0px !important;}&#8221; offset=&#8221;vc_col-lg-6 vc_col-md-6 vc_col-xs-12&#8243;][vc_single_image image=&#8221;8772&#8243; img_size=&#8221;full&#8221; alignment=&#8221;center&#8221; css=&#8221;.vc_custom_1712441066214{margin-bottom: 0px !important;}&#8221; parallax_scroll=&#8221;no&#8221; woodmart_inline=&#8221;no&#8221;]\t\t<div id=\"gallery_394\" class=\"wd-images-gallery wd-wpb wd-rs-67b480bfb8dec photoswipe-images\" style=\"--wd-justify-content:center;--wd-align-items:center;\">\n\t\t\t\n\t\t\t<div class=\" wd-grid-g\" style=\"--wd-col-lg:3;--wd-col-md:3;--wd-col-sm:1;--wd-gap-lg:2px;\">\n\t\t\t\t\n\t\t\t\t\t\t\t\t\t\t\t\t\t\t\t<div class=\"wd-gallery-item wd-col\">\n\t\t\t\t\t\t\t\t\t\t\t\t\t\t<a href=\"https:\/\/gurbuzsihhitesisat.com\/buca\/wp-content\/uploads\/2024\/03\/ayrancilar-tikaniklik-acma-ucreti-1-1.jpg\" data-elementor-open-lightbox=\"no\" data-index=\"1\" data-width=\"886\" data-height=\"450\" \n\t\t\t\t\t\t\t\t\t\t\t\t >\n\t\t\t\t\t\t\t\t\n\t\t\t\t\t\t\t\t<img loading=\"lazy\" decoding=\"async\" width=\"300\" height=\"300\" src=\"https:\/\/gurbuzsihhitesisat.com\/buca\/wp-content\/uploads\/2024\/03\/ayrancilar-tikaniklik-acma-ucreti-1-1-300x300.jpg\" class=\"wd-gallery-image image-1\" alt=\"Ayranc\u0131lar T\u0131kan\u0131kl\u0131k A\u00e7ma \u00dccreti\" srcset=\"https:\/\/gurbuzsihhitesisat.com\/buca\/wp-content\/uploads\/2024\/03\/ayrancilar-tikaniklik-acma-ucreti-1-1-300x300.jpg 300w, https:\/\/gurbuzsihhitesisat.com\/buca\/wp-content\/uploads\/2024\/03\/ayrancilar-tikaniklik-acma-ucreti-1-1-150x150.jpg 150w\" sizes=\"auto, (max-width: 300px) 100vw, 300px\" \/>\n\t\t\t\t\t\t\t\t\t\t\t\t\t\t\t<\/a>\n\t\t\t\t\t\t\t\t\t\t\t\t<\/div>\n\t\t\t\t\t\t\t\t\t\t\t<div class=\"wd-gallery-item wd-col\">\n\t\t\t\t\t\t\t\t\t\t\t\t\t\t<a href=\"https:\/\/gurbuzsihhitesisat.com\/buca\/wp-content\/uploads\/2024\/03\/ayrancilar-su-kacagi-bulma-1-1.jpg\" data-elementor-open-lightbox=\"no\" data-index=\"2\" data-width=\"886\" data-height=\"450\" \n\t\t\t\t\t\t\t\t\t\t\t\t >\n\t\t\t\t\t\t\t\t\n\t\t\t\t\t\t\t\t<img loading=\"lazy\" decoding=\"async\" width=\"300\" height=\"300\" src=\"https:\/\/gurbuzsihhitesisat.com\/buca\/wp-content\/uploads\/2024\/03\/ayrancilar-su-kacagi-bulma-1-1-300x300.jpg\" class=\"wd-gallery-image image-2\" alt=\"Ayranc\u0131lar Su Ka\u00e7a\u011f\u0131 Bulma\" srcset=\"https:\/\/gurbuzsihhitesisat.com\/buca\/wp-content\/uploads\/2024\/03\/ayrancilar-su-kacagi-bulma-1-1-300x300.jpg 300w, https:\/\/gurbuzsihhitesisat.com\/buca\/wp-content\/uploads\/2024\/03\/ayrancilar-su-kacagi-bulma-1-1-150x150.jpg 150w\" sizes=\"auto, (max-width: 300px) 100vw, 300px\" \/>\n\t\t\t\t\t\t\t\t\t\t\t\t\t\t\t<\/a>\n\t\t\t\t\t\t\t\t\t\t\t\t<\/div>\n\t\t\t\t\t\t\t\t\t\t\t<div class=\"wd-gallery-item wd-col\">\n\t\t\t\t\t\t\t\t\t\t\t\t\t\t<a href=\"https:\/\/gurbuzsihhitesisat.com\/buca\/wp-content\/uploads\/2024\/03\/ayrancilar-tuvalet-tikanikligi-acma-ucreti-1-1.jpg\" data-elementor-open-lightbox=\"no\" data-index=\"3\" data-width=\"886\" data-height=\"450\" \n\t\t\t\t\t\t\t\t\t\t\t\t >\n\t\t\t\t\t\t\t\t\n\t\t\t\t\t\t\t\t<img loading=\"lazy\" decoding=\"async\" width=\"300\" height=\"300\" src=\"https:\/\/gurbuzsihhitesisat.com\/buca\/wp-content\/uploads\/2024\/03\/ayrancilar-tuvalet-tikanikligi-acma-ucreti-1-1-300x300.jpg\" class=\"wd-gallery-image image-3\" alt=\"Ayranc\u0131lar Tuvalet T\u0131kan\u0131kl\u0131\u011f\u0131 A\u00e7ma \u00dccreti\" srcset=\"https:\/\/gurbuzsihhitesisat.com\/buca\/wp-content\/uploads\/2024\/03\/ayrancilar-tuvalet-tikanikligi-acma-ucreti-1-1-300x300.jpg 300w, https:\/\/gurbuzsihhitesisat.com\/buca\/wp-content\/uploads\/2024\/03\/ayrancilar-tuvalet-tikanikligi-acma-ucreti-1-1-150x150.jpg 150w\" sizes=\"auto, (max-width: 300px) 100vw, 300px\" \/>\n\t\t\t\t\t\t\t\t\t\t\t\t\t\t\t<\/a>\n\t\t\t\t\t\t\t\t\t\t\t\t<\/div>\n\t\t\t\t\t\t\t\t\t\t\t<div class=\"wd-gallery-item wd-col\">\n\t\t\t\t\t\t\t\t\t\t\t\t\t\t<a href=\"https:\/\/gurbuzsihhitesisat.com\/buca\/wp-content\/uploads\/2024\/03\/tire-gider-tikanikligi-acma-2-1-1.jpg\" data-elementor-open-lightbox=\"no\" data-index=\"4\" data-width=\"886\" data-height=\"450\" \n\t\t\t\t\t\t\t\t\t\t\t\t >\n\t\t\t\t\t\t\t\t\n\t\t\t\t\t\t\t\t<img loading=\"lazy\" decoding=\"async\" width=\"300\" height=\"300\" src=\"https:\/\/gurbuzsihhitesisat.com\/buca\/wp-content\/uploads\/2024\/03\/tire-gider-tikanikligi-acma-2-1-1-300x300.jpg\" class=\"wd-gallery-image image-4\" alt=\"Tire Gider T\u0131kan\u0131kl\u0131\u011f\u0131 A\u00e7ma\" srcset=\"https:\/\/gurbuzsihhitesisat.com\/buca\/wp-content\/uploads\/2024\/03\/tire-gider-tikanikligi-acma-2-1-1-300x300.jpg 300w, https:\/\/gurbuzsihhitesisat.com\/buca\/wp-content\/uploads\/2024\/03\/tire-gider-tikanikligi-acma-2-1-1-150x150.jpg 150w\" sizes=\"auto, (max-width: 300px) 100vw, 300px\" \/>\n\t\t\t\t\t\t\t\t\t\t\t\t\t\t\t<\/a>\n\t\t\t\t\t\t\t\t\t\t\t\t<\/div>\n\t\t\t\t\t\t\t\t\t\t\t<div class=\"wd-gallery-item wd-col\">\n\t\t\t\t\t\t\t\t\t\t\t\t\t\t<a href=\"https:\/\/gurbuzsihhitesisat.com\/buca\/wp-content\/uploads\/2024\/03\/odemis-petek-temizligi-1-1.jpg\" data-elementor-open-lightbox=\"no\" data-index=\"5\" data-width=\"886\" data-height=\"450\" \n\t\t\t\t\t\t\t\t\t\t\t\t >\n\t\t\t\t\t\t\t\t\n\t\t\t\t\t\t\t\t<img loading=\"lazy\" decoding=\"async\" width=\"300\" height=\"300\" src=\"https:\/\/gurbuzsihhitesisat.com\/buca\/wp-content\/uploads\/2024\/03\/odemis-petek-temizligi-1-1-300x300.jpg\" class=\"wd-gallery-image image-5\" alt=\"\u00d6demi\u015f Petek Temizleme\" srcset=\"https:\/\/gurbuzsihhitesisat.com\/buca\/wp-content\/uploads\/2024\/03\/odemis-petek-temizligi-1-1-300x300.jpg 300w, https:\/\/gurbuzsihhitesisat.com\/buca\/wp-content\/uploads\/2024\/03\/odemis-petek-temizligi-1-1-150x150.jpg 150w\" sizes=\"auto, (max-width: 300px) 100vw, 300px\" \/>\n\t\t\t\t\t\t\t\t\t\t\t\t\t\t\t<\/a>\n\t\t\t\t\t\t\t\t\t\t\t\t<\/div>\n\t\t\t\t\t\t\t\t\t\t\t<div class=\"wd-gallery-item wd-col\">\n\t\t\t\t\t\t\t\t\t\t\t\t\t\t<a href=\"https:\/\/gurbuzsihhitesisat.com\/buca\/wp-content\/uploads\/2024\/03\/selcuk-tikaniklik-acma-1-1.jpg\" data-elementor-open-lightbox=\"no\" data-index=\"6\" data-width=\"886\" data-height=\"450\" \n\t\t\t\t\t\t\t\t\t\t\t\t >\n\t\t\t\t\t\t\t\t\n\t\t\t\t\t\t\t\t<img loading=\"lazy\" decoding=\"async\" width=\"300\" height=\"300\" src=\"https:\/\/gurbuzsihhitesisat.com\/buca\/wp-content\/uploads\/2024\/03\/selcuk-tikaniklik-acma-1-1-300x300.jpg\" class=\"wd-gallery-image image-6\" alt=\"Sel\u00e7uk T\u0131kan\u0131kl\u0131k A\u00e7ma\" srcset=\"https:\/\/gurbuzsihhitesisat.com\/buca\/wp-content\/uploads\/2024\/03\/selcuk-tikaniklik-acma-1-1-300x300.jpg 300w, https:\/\/gurbuzsihhitesisat.com\/buca\/wp-content\/uploads\/2024\/03\/selcuk-tikaniklik-acma-1-1-150x150.jpg 150w\" sizes=\"auto, (max-width: 300px) 100vw, 300px\" \/>\n\t\t\t\t\t\t\t\t\t\t\t\t\t\t\t<\/a>\n\t\t\t\t\t\t\t\t\t\t\t\t<\/div>\n\t\t\t\t\t\t\t\t\t\n\t\t\t\t\t\t\t<\/div>\n\n\t\t\t\t\t<\/div>\n\t\t[\/vc_column][vc_column woodmart_color_scheme=&#8221;dark&#8221; woodmart_parallax=&#8221;0&#8243; parallax_scroll=&#8221;no&#8221; woodmart_sticky_column=&#8221;false&#8221; css=&#8221;.vc_custom_1538568468606{margin-bottom: 4vh !important;padding-top: 0px !important;}&#8221; offset=&#8221;vc_col-lg-6 vc_col-md-6 vc_col-xs-12&#8243;]\n\t\t<div id=\"wd-6611c6a256f45\" class=\"title-wrapper wd-wpb wd-set-mb reset-last-child  wd-rs-6611c6a256f45 wd-title-color-default wd-title-style-default text-left  wd-underline-colored\">\n\t\t\t\n\t\t\t<div class=\"liner-continer\">\n\t\t\t\t<h4 class=\"woodmart-title-container title  wd-font-weight- wd-fontsize-m\" >Hakk\u0131m\u0131zda<\/h4>\n\t\t\t\t\t\t\t<\/div>\n\t\t\t\n\t\t\t\n\t\t\t\n\t\t<\/div>\n\t\t\n\t\t\t\t<div id=\"wd-67b47eccee732\" class=\"wd-text-block wd-wpb reset-last-child wd-rs-67b47eccee732 text-left \">\n\t\t\t<p data-pm-slice=\"1 1 []\">G\u00fcrb\u00fcz S\u0131hhi Tesisat olarak, uzun y\u0131llara dayanan deneyimimiz ve uzman ekibimiz ile Buca ve \u00e7evresinde profesyonel su tesisat hizmetleri sunmaktay\u0131z. M\u00fc\u015fteri memnuniyetini her zaman \u00f6n planda tutan firmam\u0131z, kaliteli, g\u00fcvenilir ve h\u0131zl\u0131 \u00e7\u00f6z\u00fcmler \u00fcretme anlay\u0131\u015f\u0131yla sekt\u00f6rde \u00f6nc\u00fc konumda yer almaktad\u0131r. Kuruldu\u011fu g\u00fcnden itibaren yenilik\u00e7i ve \u00e7a\u011fda\u015f bir hizmet anlay\u0131\u015f\u0131 benimseyen firmam\u0131z, su tesisat\u0131 alan\u0131nda her t\u00fcrl\u00fc ihtiyaca yan\u0131t verebilecek kapasiteye sahiptir. Gerek konutlarda gerekse ticari alanlarda meydana gelen su tesisat\u0131 problemlerine modern ekipmanlar ve alan\u0131nda uzman teknisyenlerimizle etkin \u00e7\u00f6z\u00fcmler sunmaktay\u0131z.<\/p>\n<p>G\u00fcrb\u00fcz S\u0131hhi Tesisat olarak geni\u015f hizmet yelpazemizle b\u00f6lgedeki bireysel ve kurumsal m\u00fc\u015fterilere destek olmaktay\u0131z. Su ka\u00e7a\u011f\u0131 tespiti ve onar\u0131m\u0131, tesisat tamiri ve bak\u0131m\u0131, kombi ve kalorifer tesisat\u0131 d\u00f6\u015fenmesi, pis su gider tesisatlar\u0131n\u0131n temizlenmesi ve yenilenmesi, banyo ve mutfak tesisat\u0131 kurulumu, s\u0131hhi tesisat sistemleri revizyonu ve modernizasyonu gibi alanlarda profesyonel \u00e7\u00f6z\u00fcmler sunmaktay\u0131z. Alan\u0131nda uzman ekibimiz, en g\u00fcncel teknoloji ve cihazlar\u0131 kullanarak sorunlar\u0131n\u0131za kal\u0131c\u0131 \u00e7\u00f6z\u00fcmler sunmaktad\u0131r. Hizmetlerimizde her zaman kaliteli malzemeler kullanarak uzun \u00f6m\u00fcrl\u00fc ve dayan\u0131kl\u0131 tesisat sistemleri olu\u015fturmaya \u00f6zen g\u00f6steriyoruz.<\/p>\n<p>Firmam\u0131z\u0131n misyonu, b\u00f6lgemizde en g\u00fcvenilir ve kaliteli su tesisat hizmetlerini sunarak, m\u00fc\u015fterilerimizin ihtiya\u00e7lar\u0131na en iyi \u015fekilde yan\u0131t vermektir. Sorunlara h\u0131zl\u0131 ve etkili m\u00fcdahalede bulunarak m\u00fc\u015fterilerimize zaman ve maliyet tasarrufu sa\u011flamaktay\u0131z. Vizyonumuz ise, sekt\u00f6rdeki teknolojik geli\u015fmeleri yak\u0131ndan takip ederek, her zaman yenilik\u00e7i ve modern hizmet anlay\u0131\u015f\u0131n\u0131 benimsemek, kalite standartlar\u0131m\u0131z\u0131 en \u00fcste \u00e7\u0131kartmakt\u0131r. G\u00fcrb\u00fcz S\u0131hhi Tesisat olarak, her ge\u00e7en g\u00fcn kendimizi geli\u015ftirerek b\u00f6lgemizde \u00f6nc\u00fc bir marka olma hedefiyle \u00e7al\u0131\u015fmaktay\u0131z.<\/p>\n<p>Deneyimli ve uzman kadromuz ile en kaliteli hizmeti sunmaktay\u0131z. Sorunlar\u0131n\u0131z\u0131 en k\u0131sa s\u00fcrede analiz ederek etkili \u00e7\u00f6z\u00fcmler sunuyoruz. T\u00fcm hizmetlerimizde kalite ve g\u00fcvence sunarak, uzun vadeli memnuniyeti hedefliyoruz. En yeni ekipman ve tekniklerle tesisat sorunlar\u0131n\u0131za kesin \u00e7\u00f6z\u00fcmler getiriyoruz. Buca ve \u00e7evresinde s\u0131hhi tesisat hizmetleri konusunda profesyonel destek almak i\u00e7in G\u00fcrb\u00fcz S\u0131hhi Tesisat olarak her zaman yan\u0131n\u0131zday\u0131z. G\u00fcvenilir ve kaliteli hizmet anlay\u0131\u015f\u0131m\u0131z ile sizlere en iyi \u00e7\u00f6z\u00fcmleri sunmaya devam edece\u011fiz.<\/p>\n\t\t<\/div>\n\t\t[\/vc_column][\/vc_row]<\/p>\n<\/div>","protected":false},"excerpt":{"rendered":"<p>[vc_row gap=&#8221;35&#8243; equal_height=&#8221;yes&#8221; content_placement=&#8221;top&#8221; css=&#8221;.vc_custom_1538568615552{margin-bottom: 4vh !important;}&#8221; woodmart_parallax=&#8221;0&#8243; woodmart_gradient_switch=&#8221;no&#8221; row_reverse_mobile=&#8221;0&#8243; row_reverse_tablet=&#8221;0&#8243; woodmart_disable_overflow=&#8221;0&#8243;][vc_column woodmart_parallax=&#8221;0&#8243; parallax_scroll=&#8221;no&#8221; woodmart_sticky_column=&#8221;false&#8221; css=&#8221;.vc_custom_1538568458450{margin-bottom: 4vh !important;padding-top: 0px !important;}&#8221;<\/p>\n","protected":false},"author":1,"featured_media":0,"parent":0,"menu_order":0,"comment_status":"closed","ping_status":"closed","template":"","meta":{"footnotes":""},"class_list":["post-8862","page","type-page","status-publish","hentry"],"_links":{"self":[{"href":"https:\/\/gurbuzsihhitesisat.com\/buca\/wp-json\/wp\/v2\/pages\/8862","targetHints":{"allow":["GET"]}}],"collection":[{"href":"https:\/\/gurbuzsihhitesisat.com\/buca\/wp-json\/wp\/v2\/pages"}],"about":[{"href":"https:\/\/gurbuzsihhitesisat.com\/buca\/wp-json\/wp\/v2\/types\/page"}],"author":[{"embeddable":true,"href":"https:\/\/gurbuzsihhitesisat.com\/buca\/wp-json\/wp\/v2\/users\/1"}],"replies":[{"embeddable":true,"href":"https:\/\/gurbuzsihhitesisat.com\/buca\/wp-json\/wp\/v2\/comments?post=8862"}],"version-history":[{"count":4,"href":"https:\/\/gurbuzsihhitesisat.com\/buca\/wp-json\/wp\/v2\/pages\/8862\/revisions"}],"predecessor-version":[{"id":9799,"href":"https:\/\/gurbuzsihhitesisat.com\/buca\/wp-json\/wp\/v2\/pages\/8862\/revisions\/9799"}],"wp:attachment":[{"href":"https:\/\/gurbuzsihhitesisat.com\/buca\/wp-json\/wp\/v2\/media?parent=8862"}],"curies":[{"name":"wp","href":"https:\/\/api.w.org\/{rel}","templated":true}]}}